{"id":6899,"date":"2020-11-05T03:40:39","date_gmt":"2020-11-05T03:40:39","guid":{"rendered":"https:\/\/afrisetup.com\/kenya\/a-propos-de-nous\/"},"modified":"2026-02-10T06:40:34","modified_gmt":"2026-02-10T06:40:34","slug":"a-propos-de-nous","status":"publish","type":"page","link":"https:\/\/afrisetup.com\/kenya\/a-propos-de-nous\/?lang=fr","title":{"rendered":"\u00c0 propos de nous"},"content":{"rendered":"\t\t<div data-elementor-type=\"wp-page\" data-elementor-id=\"6899\" class=\"elementor elementor-6899 elementor-5029\">\n\t\t\t\t\t\t<section class=\"elementor-section elementor-top-section elementor-element elementor-element-7e1b73d5 elementor-section-stretched elementor-section-boxed elementor-section-height-default elementor-section-height-default\" data-id=\"7e1b73d5\" data-element_type=\"section\" data-e-type=\"section\" data-settings=\"{&quot;background_background&quot;:&quot;classic&quot;,&quot;stretch_section&quot;:&quot;section-stretched&quot;}\">\n\t\t\t\t\t\t\t<div class=\"elementor-background-overlay\"><\/div>\n\t\t\t\t\t\t\t<div class=\"elementor-container elementor-column-gap-default\">\n\t\t\t\t\t<div class=\"elementor-column elementor-col-50 elementor-top-column elementor-element elementor-element-4147d564\" data-id=\"4147d564\" data-element_type=\"column\" data-e-type=\"column\">\n\t\t\t<div class=\"elementor-widget-wrap elementor-element-populated\">\n\t\t\t\t\t\t<div class=\"elementor-element elementor-element-2f5753b0 elementor-widget elementor-widget-rt-title\" data-id=\"2f5753b0\" data-element_type=\"widget\" data-e-type=\"widget\" data-widget_type=\"rt-title.default\">\n\t\t\t\t<div class=\"elementor-widget-container\">\n\t\t\t\t\t<div class=\"heading-default-layout heading-layout1new\">\t\t\t\r\n\t\t\t<div class=\"item-beforetitle item-subtitle\">who we are<\/div>\t\t\r\n\t\t<h2 id='about-afrisetup'  id=\"boomdevs_1\" class=\"item-title\"> About Afrisetup <\/h2>\r\n\t\t\t\t<p class=\"section-subtitle\">Leading company setup company<\/p>\r\n\t<\/div>\r\n\t\t\t\t<\/div>\n\t\t\t\t<\/div>\n\t\t\t\t<div class=\"elementor-element elementor-element-715d3ec7 elementor-widget elementor-widget-text-editor\" data-id=\"715d3ec7\" data-element_type=\"widget\" data-e-type=\"widget\" data-widget_type=\"text-editor.default\">\n\t\t\t\t\t\t\t\t\t<p>Afrisetup est la principale soci\u00e9t\u00e9 de cr\u00e9ation d&#8217;entreprise en Afrique, sp\u00e9cialis\u00e9e dans l&#8217;enregistrement de soci\u00e9t\u00e9s \u00e0 distance, l&#8217;enregistrement fiscal et l&#8217;ouverture de comptes bancaires. Nous offrons des <a href=\"https:\/\/afrisetup.com\/kenya\/#\">services fiables et pratiques<\/a> par l&#8217;interm\u00e9diaire de nos succursales, de nos bureaux de repr\u00e9sentation et de nos associ\u00e9s dans plus de 40 pays d&#8217;Afrique.<\/p><p>Nous fournissons des services experts avant et apr\u00e8s la cr\u00e9ation d&#8217;une soci\u00e9t\u00e9 pour aider votre entreprise \u00e0 prosp\u00e9rer en Afrique. Les services propos\u00e9s comprennent des services de comptabilit\u00e9, de conseil fiscal, d&#8217;enregistrement des marques, de gestion des salaires, de recherche de distributeurs, de v\u00e9rification des ant\u00e9c\u00e9dents de l&#8217;entreprise, de demande de permis de travail et de services d&#8217;inscription au registre de l&#8217;employeur.<\/p>\t\t\t\t\t\t\t\t<\/div>\n\t\t\t\t<div class=\"elementor-element elementor-element-1a7b9f8 elementor-widget elementor-widget-text-editor\" data-id=\"1a7b9f8\" data-element_type=\"widget\" data-e-type=\"widget\" data-widget_type=\"text-editor.default\">\n\t\t\t\t\t\t\t\t\t<p>Notre \u00e9quipe est tr\u00e8s exp\u00e9riment\u00e9e, avec plus de 50 ans d&#8217;exp\u00e9rience combin\u00e9e dans l&#8217;industrie de la cr\u00e9ation d&#8217;entreprise et des services de conformit\u00e9. L&#8217;\u00e9quipe qui travaille sur votre projet a contribu\u00e9 \u00e0 fa\u00e7onner l&#8217;industrie de la cr\u00e9ation d&#8217;entreprises en Afrique et a fourni des services efficaces et professionnels \u00e0 un public mondial.<\/p><p>Nous comprenons que toute entreprise peut fournir un service, mais ce sont les personnes qui se trouvent derri\u00e8re l&#8217;entreprise qui font la diff\u00e9rence. Nous nous effor\u00e7ons de vous offrir le meilleur service \u00e0 un prix abordable.<\/p>\t\t\t\t\t\t\t\t<\/div>\n\t\t\t\t\t<\/div>\n\t\t<\/div>\n\t\t\t\t<div class=\"elementor-column elementor-col-50 elementor-top-column elementor-element elementor-element-7476494 elementor-invisible\" data-id=\"7476494\" data-element_type=\"column\" data-e-type=\"column\" data-settings=\"{&quot;animation&quot;:&quot;fadeInRight&quot;}\">\n\t\t\t<div class=\"elementor-widget-wrap elementor-element-populated\">\n\t\t\t\t\t\t<div class=\"elementor-element elementor-element-1ee41d0c elementor-widget elementor-widget-image\" data-id=\"1ee41d0c\" data-element_type=\"widget\" data-e-type=\"widget\" data-widget_type=\"image.default\">\n\t\t\t\t\t\t\t\t\t\t\t\t\t\t\t<img fetchpriority=\"high\" decoding=\"async\" width=\"707\" height=\"667\" src=\"https:\/\/afrisetup.com\/kenya\/wp-content\/uploads\/sites\/6\/2026\/02\/black-men-cafe-have-business-e1670202967183-1.webp\" class=\"attachment-full size-full wp-image-10569\" alt=\"Two men discussing over a tablet.\" srcset=\"https:\/\/afrisetup.com\/kenya\/wp-content\/uploads\/sites\/6\/2026\/02\/black-men-cafe-have-business-e1670202967183-1.webp 707w, https:\/\/afrisetup.com\/kenya\/wp-content\/uploads\/sites\/6\/2026\/02\/black-men-cafe-have-business-e1670202967183-1-300x283.webp 300w\" sizes=\"(max-width: 707px) 100vw, 707px\" \/>\t\t\t\t\t\t\t\t\t\t\t\t\t\t\t<\/div>\n\t\t\t\t\t<\/div>\n\t\t<\/div>\n\t\t\t\t\t<\/div>\n\t\t<\/section>\n\t\t\t\t<section class=\"elementor-section elementor-top-section elementor-element elementor-element-9487534 elementor-section-boxed elementor-section-height-default elementor-section-height-default\" data-id=\"9487534\" data-element_type=\"section\" data-e-type=\"section\">\n\t\t\t\t\t\t<div class=\"elementor-container elementor-column-gap-default\">\n\t\t\t\t\t<div class=\"elementor-column elementor-col-33 elementor-top-column elementor-element elementor-element-51b899f7\" data-id=\"51b899f7\" data-element_type=\"column\" data-e-type=\"column\">\n\t\t\t<div class=\"elementor-widget-wrap elementor-element-populated\">\n\t\t\t\t\t\t<div class=\"elementor-element elementor-element-1f50415 elementor-widget elementor-widget-rt-services-info-box\" data-id=\"1f50415\" data-element_type=\"widget\" data-e-type=\"widget\" data-widget_type=\"rt-services-info-box.default\">\n\t\t\t\t<div class=\"elementor-widget-container\">\n\t\t\t\t\t\r\n<div class=\"feature-box1\">\r\n                 <div class=\"item-icon\">\r\n        <div class=\"glyph-icon\"><i aria-hidden=\"true\" class=\" flaticon-joist\"><\/i><\/div>\r\n    <\/div>\r\n            <div class=\"item-content\">\r\n     <h3 id='our-mission'  id=\"boomdevs_2\" class=\"item-title\"> <a href=\"#\">Our Mission<\/a> <\/h3>\r\n                 <div class=\"title-style\"><\/div>             \r\n        <p class=\"item-content\">At Afrisetup consultants, we strive to provide professional Pre and Post Company setup services to help your business succeed in Africa. <\/p>\r\n             <\/div>\r\n<\/div>\r\n\r\n\t\t\t\t<\/div>\n\t\t\t\t<\/div>\n\t\t\t\t\t<\/div>\n\t\t<\/div>\n\t\t\t\t<div class=\"elementor-column elementor-col-33 elementor-top-column elementor-element elementor-element-22cccd26\" data-id=\"22cccd26\" data-element_type=\"column\" data-e-type=\"column\">\n\t\t\t<div class=\"elementor-widget-wrap elementor-element-populated\">\n\t\t\t\t\t\t<div class=\"elementor-element elementor-element-2d989d19 elementor-widget elementor-widget-rt-services-info-box\" data-id=\"2d989d19\" data-element_type=\"widget\" data-e-type=\"widget\" data-widget_type=\"rt-services-info-box.default\">\n\t\t\t\t<div class=\"elementor-widget-container\">\n\t\t\t\t\t\r\n<div class=\"feature-box1\">\r\n                 <div class=\"item-icon\">\r\n        <div class=\"glyph-icon\"><i aria-hidden=\"true\" class=\" flaticon-roof-6\"><\/i><\/div>\r\n    <\/div>\r\n            <div class=\"item-content\">\r\n     <h3 id='our-vision'  id=\"boomdevs_3\" class=\"item-title\"> <a href=\"#\">Our Vision<\/a> <\/h3>\r\n                 <div class=\"title-style\"><\/div>             \r\n        <p class=\"item-content\">To help our client\u2019s business thrive in Africa by providing innovative, best in class company setup services.<\/p>\r\n             <\/div>\r\n<\/div>\r\n\r\n\t\t\t\t<\/div>\n\t\t\t\t<\/div>\n\t\t\t\t\t<\/div>\n\t\t<\/div>\n\t\t\t\t<div class=\"elementor-column elementor-col-33 elementor-top-column elementor-element elementor-element-14d06df6\" data-id=\"14d06df6\" data-element_type=\"column\" data-e-type=\"column\">\n\t\t\t<div class=\"elementor-widget-wrap elementor-element-populated\">\n\t\t\t\t\t\t<div class=\"elementor-element elementor-element-2340dba elementor-widget elementor-widget-rt-services-info-box\" data-id=\"2340dba\" data-element_type=\"widget\" data-e-type=\"widget\" data-widget_type=\"rt-services-info-box.default\">\n\t\t\t\t<div class=\"elementor-widget-container\">\n\t\t\t\t\t\r\n<div class=\"feature-box1\">\r\n                 <div class=\"item-icon\">\r\n        <div class=\"glyph-icon\"><i aria-hidden=\"true\" class=\" flaticon-roof-2\"><\/i><\/div>\r\n    <\/div>\r\n            <div class=\"item-content\">\r\n     <h3 id='our-commitments'  id=\"boomdevs_4\" class=\"item-title\"> <a href=\"#\">Our Commitments<\/a> <\/h3>\r\n                 <div class=\"title-style\"><\/div>             \r\n        <p class=\"item-content\">People: Empower Investors looking to do business in Africa by providing professional Services.<\/p>\r\n             <\/div>\r\n<\/div>\r\n\r\n\t\t\t\t<\/div>\n\t\t\t\t<\/div>\n\t\t\t\t\t<\/div>\n\t\t<\/div>\n\t\t\t\t\t<\/div>\n\t\t<\/section>\n\t\t\t\t<section class=\"elementor-section elementor-top-section elementor-element elementor-element-333e72b elementor-section-full_width elementor-section-height-default elementor-section-height-default\" data-id=\"333e72b\" data-element_type=\"section\" data-e-type=\"section\">\n\t\t\t\t\t\t<div class=\"elementor-container elementor-column-gap-no\">\n\t\t\t\t\t<div class=\"elementor-column elementor-col-100 elementor-top-column elementor-element elementor-element-09f78aa\" data-id=\"09f78aa\" data-element_type=\"column\" data-e-type=\"column\">\n\t\t\t<div class=\"elementor-widget-wrap elementor-element-populated\">\n\t\t\t\t\t\t\t<\/div>\n\t\t<\/div>\n\t\t\t\t\t<\/div>\n\t\t<\/section>\n\t\t\t\t<\/div>\n\t\t","protected":false},"excerpt":{"rendered":"<p>who we are About Afrisetup Leading company setup company Afrisetup est la principale soci\u00e9t\u00e9 de cr\u00e9ation d&#8217;entreprise en Afrique, sp\u00e9cialis\u00e9e dans l&#8217;enregistrement de soci\u00e9t\u00e9s \u00e0 distance, l&#8217;enregistrement fiscal et l&#8217;ouverture de comptes bancaires. Nous offrons des services fiables et pratiques par l&#8217;interm\u00e9diaire de nos succursales, de nos bureaux de repr\u00e9sentation et de nos associ\u00e9s dans&#8230;<\/p>\n","protected":false},"author":1,"featured_media":0,"parent":0,"menu_order":0,"comment_status":"closed","ping_status":"closed","template":"elementor_header_footer","meta":{"_joinchat":[],"footnotes":""},"class_list":["post-6899","page","type-page","status-publish","hentry"],"_links":{"self":[{"href":"https:\/\/afrisetup.com\/kenya\/wp-json\/wp\/v2\/pages\/6899","targetHints":{"allow":["GET"]}}],"collection":[{"href":"https:\/\/afrisetup.com\/kenya\/wp-json\/wp\/v2\/pages"}],"about":[{"href":"https:\/\/afrisetup.com\/kenya\/wp-json\/wp\/v2\/types\/page"}],"author":[{"embeddable":true,"href":"https:\/\/afrisetup.com\/kenya\/wp-json\/wp\/v2\/users\/1"}],"replies":[{"embeddable":true,"href":"https:\/\/afrisetup.com\/kenya\/wp-json\/wp\/v2\/comments?post=6899"}],"version-history":[{"count":5,"href":"https:\/\/afrisetup.com\/kenya\/wp-json\/wp\/v2\/pages\/6899\/revisions"}],"predecessor-version":[{"id":11132,"href":"https:\/\/afrisetup.com\/kenya\/wp-json\/wp\/v2\/pages\/6899\/revisions\/11132"}],"wp:attachment":[{"href":"https:\/\/afrisetup.com\/kenya\/wp-json\/wp\/v2\/media?parent=6899"}],"curies":[{"name":"wp","href":"https:\/\/api.w.org\/{rel}","templated":true}]}}